{"id":16603,"date":"2021-01-28T13:05:29","date_gmt":"2021-01-28T13:05:29","guid":{"rendered":"https:\/\/kerrock.si\/staging\/waschbecken-und-spuelbecken\/"},"modified":"2024-05-31T09:25:44","modified_gmt":"2024-05-31T07:25:44","slug":"waschbecken-und-spuelbecken","status":"publish","type":"page","link":"https:\/\/www.kerrock.de\/staging\/waschbecken-und-spuelbecken\/","title":{"rendered":"Produkte"},"content":{"rendered":"","protected":false},"excerpt":{"rendered":"","protected":false},"author":5,"featured_media":16612,"parent":0,"menu_order":0,"comment_status":"closed","ping_status":"closed","template":"page-products.php","meta":{"_acf_changed":false,"inline_featured_image":false,"footnotes":""},"class_list":["post-16603","page","type-page","status-publish","has-post-thumbnail","hentry"],"acf":[],"yoast_head":"<!-- This site is optimized with the Yoast SEO plugin v26.9 - https:\/\/yoast.com\/product\/yoast-seo-wordpress\/ -->\n<title>Produkte | Staging Kerock<\/title>\n<meta name=\"description\" content=\"Funktionalit\u00e4t, Best\u00e4ndigkeit, einfache Reinigung, hervorragendes Design und vielfache Gestaltungsm\u00f6glichkeiten sind mehr als gute Gr\u00fcnde, um ein Wasch- oder Sp\u00fclbecken aus Kerrock zu w\u00e4hlen.\" \/>\n<meta name=\"robots\" content=\"noindex, follow, max-snippet:-1, max-image-preview:large, max-video-preview:-1\" \/>\n<meta property=\"og:locale\" content=\"de_DE\" \/>\n<meta property=\"og:type\" content=\"article\" \/>\n<meta property=\"og:title\" content=\"Produkte | Staging Kerock\" \/>\n<meta property=\"og:description\" content=\"Funktionalit\u00e4t, Best\u00e4ndigkeit, einfache Reinigung, hervorragendes Design und vielfache Gestaltungsm\u00f6glichkeiten sind mehr als gute Gr\u00fcnde, um ein Wasch- oder Sp\u00fclbecken aus Kerrock zu w\u00e4hlen.\" \/>\n<meta property=\"og:url\" content=\"https:\/\/www.kerrock.de\/staging\/waschbecken-und-spuelbecken\/\" \/>\n<meta property=\"og:site_name\" content=\"Staging Kerock\" \/>\n<meta property=\"article:modified_time\" content=\"2024-05-31T07:25:44+00:00\" \/>\n<meta property=\"og:image\" content=\"https:\/\/www.kerrock.de\/wp-content\/uploads\/2020\/12\/umivalniki_in_pomivalniki-2.jpg\" \/>\n\t<meta property=\"og:image:width\" content=\"1920\" \/>\n\t<meta property=\"og:image:height\" content=\"700\" \/>\n\t<meta property=\"og:image:type\" content=\"image\/jpeg\" \/>\n<meta name=\"twitter:card\" content=\"summary_large_image\" \/>\n<meta name=\"twitter:label1\" content=\"Gesch\u00e4tzte Lesezeit\" \/>\n\t<meta name=\"twitter:data1\" content=\"3\u00a0Minuten\" \/>\n<script type=\"application\/ld+json\" class=\"yoast-schema-graph\">{\"@context\":\"https:\/\/schema.org\",\"@graph\":[{\"@type\":\"WebPage\",\"@id\":\"https:\/\/www.kerrock.de\/staging\/waschbecken-und-spuelbecken\/\",\"url\":\"https:\/\/www.kerrock.de\/staging\/waschbecken-und-spuelbecken\/\",\"name\":\"Produkte | Staging Kerock\",\"isPartOf\":{\"@id\":\"https:\/\/www.kerrock.de\/#website\"},\"primaryImageOfPage\":{\"@id\":\"https:\/\/www.kerrock.de\/staging\/waschbecken-und-spuelbecken\/#primaryimage\"},\"image\":{\"@id\":\"https:\/\/www.kerrock.de\/staging\/waschbecken-und-spuelbecken\/#primaryimage\"},\"thumbnailUrl\":\"https:\/\/www.kerrock.de\/staging\/wp-content\/uploads\/2020\/12\/umivalniki_in_pomivalniki-2.jpg\",\"datePublished\":\"2021-01-28T13:05:29+00:00\",\"dateModified\":\"2024-05-31T07:25:44+00:00\",\"description\":\"Funktionalit\u00e4t, Best\u00e4ndigkeit, einfache Reinigung, hervorragendes Design und vielfache Gestaltungsm\u00f6glichkeiten sind mehr als gute Gr\u00fcnde, um ein Wasch- oder Sp\u00fclbecken aus Kerrock zu w\u00e4hlen.\",\"breadcrumb\":{\"@id\":\"https:\/\/www.kerrock.de\/staging\/waschbecken-und-spuelbecken\/#breadcrumb\"},\"inLanguage\":\"de\",\"potentialAction\":[{\"@type\":\"ReadAction\",\"target\":[\"https:\/\/www.kerrock.de\/staging\/waschbecken-und-spuelbecken\/\"]}]},{\"@type\":\"ImageObject\",\"inLanguage\":\"de\",\"@id\":\"https:\/\/www.kerrock.de\/staging\/waschbecken-und-spuelbecken\/#primaryimage\",\"url\":\"https:\/\/www.kerrock.de\/staging\/wp-content\/uploads\/2020\/12\/umivalniki_in_pomivalniki-2.jpg\",\"contentUrl\":\"https:\/\/www.kerrock.de\/staging\/wp-content\/uploads\/2020\/12\/umivalniki_in_pomivalniki-2.jpg\",\"width\":1920,\"height\":700},{\"@type\":\"BreadcrumbList\",\"@id\":\"https:\/\/www.kerrock.de\/staging\/waschbecken-und-spuelbecken\/#breadcrumb\",\"itemListElement\":[{\"@type\":\"ListItem\",\"position\":1,\"name\":\"Home\",\"item\":\"https:\/\/www.kerrock.de\/\"},{\"@type\":\"ListItem\",\"position\":2,\"name\":\"Produkte\"}]},{\"@type\":\"WebSite\",\"@id\":\"https:\/\/www.kerrock.de\/#website\",\"url\":\"https:\/\/www.kerrock.de\/\",\"name\":\"Staging Kerock\",\"description\":\"Stellen Sie sich irgendwas vor. Wir verwirklichen es.\",\"publisher\":{\"@id\":\"https:\/\/www.kerrock.de\/#organization\"},\"potentialAction\":[{\"@type\":\"SearchAction\",\"target\":{\"@type\":\"EntryPoint\",\"urlTemplate\":\"https:\/\/www.kerrock.de\/?s={search_term_string}\"},\"query-input\":{\"@type\":\"PropertyValueSpecification\",\"valueRequired\":true,\"valueName\":\"search_term_string\"}}],\"inLanguage\":\"de\"},{\"@type\":\"Organization\",\"@id\":\"https:\/\/www.kerrock.de\/#organization\",\"name\":\"Kerrock\",\"url\":\"https:\/\/www.kerrock.de\/\",\"logo\":{\"@type\":\"ImageObject\",\"inLanguage\":\"de\",\"@id\":\"https:\/\/www.kerrock.de\/#\/schema\/logo\/image\/\",\"url\":\"https:\/\/www.kerrock.de\/staging\/wp-content\/uploads\/2021\/01\/facebook_share_image_1200x628_v2_20210106.jpg\",\"contentUrl\":\"https:\/\/www.kerrock.de\/staging\/wp-content\/uploads\/2021\/01\/facebook_share_image_1200x628_v2_20210106.jpg\",\"width\":1200,\"height\":628,\"caption\":\"Kerrock\"},\"image\":{\"@id\":\"https:\/\/www.kerrock.de\/#\/schema\/logo\/image\/\"}}]}<\/script>\n<!-- \/ Yoast SEO plugin. -->","yoast_head_json":{"title":"Produkte | Staging Kerock","description":"Funktionalit\u00e4t, Best\u00e4ndigkeit, einfache Reinigung, hervorragendes Design und vielfache Gestaltungsm\u00f6glichkeiten sind mehr als gute Gr\u00fcnde, um ein Wasch- oder Sp\u00fclbecken aus Kerrock zu w\u00e4hlen.","robots":{"index":"noindex","follow":"follow","max-snippet":"max-snippet:-1","max-image-preview":"max-image-preview:large","max-video-preview":"max-video-preview:-1"},"og_locale":"de_DE","og_type":"article","og_title":"Produkte | Staging Kerock","og_description":"Funktionalit\u00e4t, Best\u00e4ndigkeit, einfache Reinigung, hervorragendes Design und vielfache Gestaltungsm\u00f6glichkeiten sind mehr als gute Gr\u00fcnde, um ein Wasch- oder Sp\u00fclbecken aus Kerrock zu w\u00e4hlen.","og_url":"https:\/\/www.kerrock.de\/staging\/waschbecken-und-spuelbecken\/","og_site_name":"Staging Kerock","article_modified_time":"2024-05-31T07:25:44+00:00","og_image":[{"width":1920,"height":700,"url":"https:\/\/www.kerrock.de\/wp-content\/uploads\/2020\/12\/umivalniki_in_pomivalniki-2.jpg","type":"image\/jpeg"}],"twitter_card":"summary_large_image","twitter_misc":{"Gesch\u00e4tzte Lesezeit":"3\u00a0Minuten"},"schema":{"@context":"https:\/\/schema.org","@graph":[{"@type":"WebPage","@id":"https:\/\/www.kerrock.de\/staging\/waschbecken-und-spuelbecken\/","url":"https:\/\/www.kerrock.de\/staging\/waschbecken-und-spuelbecken\/","name":"Produkte | Staging Kerock","isPartOf":{"@id":"https:\/\/www.kerrock.de\/#website"},"primaryImageOfPage":{"@id":"https:\/\/www.kerrock.de\/staging\/waschbecken-und-spuelbecken\/#primaryimage"},"image":{"@id":"https:\/\/www.kerrock.de\/staging\/waschbecken-und-spuelbecken\/#primaryimage"},"thumbnailUrl":"https:\/\/www.kerrock.de\/staging\/wp-content\/uploads\/2020\/12\/umivalniki_in_pomivalniki-2.jpg","datePublished":"2021-01-28T13:05:29+00:00","dateModified":"2024-05-31T07:25:44+00:00","description":"Funktionalit\u00e4t, Best\u00e4ndigkeit, einfache Reinigung, hervorragendes Design und vielfache Gestaltungsm\u00f6glichkeiten sind mehr als gute Gr\u00fcnde, um ein Wasch- oder Sp\u00fclbecken aus Kerrock zu w\u00e4hlen.","breadcrumb":{"@id":"https:\/\/www.kerrock.de\/staging\/waschbecken-und-spuelbecken\/#breadcrumb"},"inLanguage":"de","potentialAction":[{"@type":"ReadAction","target":["https:\/\/www.kerrock.de\/staging\/waschbecken-und-spuelbecken\/"]}]},{"@type":"ImageObject","inLanguage":"de","@id":"https:\/\/www.kerrock.de\/staging\/waschbecken-und-spuelbecken\/#primaryimage","url":"https:\/\/www.kerrock.de\/staging\/wp-content\/uploads\/2020\/12\/umivalniki_in_pomivalniki-2.jpg","contentUrl":"https:\/\/www.kerrock.de\/staging\/wp-content\/uploads\/2020\/12\/umivalniki_in_pomivalniki-2.jpg","width":1920,"height":700},{"@type":"BreadcrumbList","@id":"https:\/\/www.kerrock.de\/staging\/waschbecken-und-spuelbecken\/#breadcrumb","itemListElement":[{"@type":"ListItem","position":1,"name":"Home","item":"https:\/\/www.kerrock.de\/"},{"@type":"ListItem","position":2,"name":"Produkte"}]},{"@type":"WebSite","@id":"https:\/\/www.kerrock.de\/#website","url":"https:\/\/www.kerrock.de\/","name":"Staging Kerock","description":"Stellen Sie sich irgendwas vor. Wir verwirklichen es.","publisher":{"@id":"https:\/\/www.kerrock.de\/#organization"},"potentialAction":[{"@type":"SearchAction","target":{"@type":"EntryPoint","urlTemplate":"https:\/\/www.kerrock.de\/?s={search_term_string}"},"query-input":{"@type":"PropertyValueSpecification","valueRequired":true,"valueName":"search_term_string"}}],"inLanguage":"de"},{"@type":"Organization","@id":"https:\/\/www.kerrock.de\/#organization","name":"Kerrock","url":"https:\/\/www.kerrock.de\/","logo":{"@type":"ImageObject","inLanguage":"de","@id":"https:\/\/www.kerrock.de\/#\/schema\/logo\/image\/","url":"https:\/\/www.kerrock.de\/staging\/wp-content\/uploads\/2021\/01\/facebook_share_image_1200x628_v2_20210106.jpg","contentUrl":"https:\/\/www.kerrock.de\/staging\/wp-content\/uploads\/2021\/01\/facebook_share_image_1200x628_v2_20210106.jpg","width":1200,"height":628,"caption":"Kerrock"},"image":{"@id":"https:\/\/www.kerrock.de\/#\/schema\/logo\/image\/"}}]}},"_links":{"self":[{"href":"https:\/\/www.kerrock.de\/staging\/wp-json\/wp\/v2\/pages\/16603","targetHints":{"allow":["GET"]}}],"collection":[{"href":"https:\/\/www.kerrock.de\/staging\/wp-json\/wp\/v2\/pages"}],"about":[{"href":"https:\/\/www.kerrock.de\/staging\/wp-json\/wp\/v2\/types\/page"}],"author":[{"embeddable":true,"href":"https:\/\/www.kerrock.de\/staging\/wp-json\/wp\/v2\/users\/5"}],"replies":[{"embeddable":true,"href":"https:\/\/www.kerrock.de\/staging\/wp-json\/wp\/v2\/comments?post=16603"}],"version-history":[{"count":2,"href":"https:\/\/www.kerrock.de\/staging\/wp-json\/wp\/v2\/pages\/16603\/revisions"}],"predecessor-version":[{"id":97927,"href":"https:\/\/www.kerrock.de\/staging\/wp-json\/wp\/v2\/pages\/16603\/revisions\/97927"}],"wp:featuredmedia":[{"embeddable":true,"href":"https:\/\/www.kerrock.de\/staging\/wp-json\/wp\/v2\/media\/16612"}],"wp:attachment":[{"href":"https:\/\/www.kerrock.de\/staging\/wp-json\/wp\/v2\/media?parent=16603"}],"curies":[{"name":"wp","href":"https:\/\/api.w.org\/{rel}","templated":true}]}}