{"id":16480,"date":"2021-01-28T13:05:16","date_gmt":"2021-01-28T13:05:16","guid":{"rendered":"https:\/\/kerrock.si\/staging\/einsatz\/kuechen\/"},"modified":"2024-05-27T08:37:50","modified_gmt":"2024-05-27T06:37:50","slug":"kuechen","status":"publish","type":"page","link":"https:\/\/www.kerrock.de\/staging\/einsatz\/kuechen\/","title":{"rendered":"K\u00fcche"},"content":{"rendered":"","protected":false},"excerpt":{"rendered":"","protected":false},"author":5,"featured_media":16535,"parent":16413,"menu_order":1,"comment_status":"closed","ping_status":"closed","template":"","meta":{"_acf_changed":false,"inline_featured_image":false,"footnotes":""},"class_list":["post-16480","page","type-page","status-publish","has-post-thumbnail","hentry"],"acf":[],"yoast_head":"<!-- This site is optimized with the Yoast SEO plugin v26.9 - https:\/\/yoast.com\/product\/yoast-seo-wordpress\/ -->\n<title>K\u00fcche | Staging Kerock<\/title>\n<meta name=\"description\" content=\"Gesundheitsfreundlich und mechanisch best\u00e4ndig, mit viel \u00c4sthetik. Eine Oberfl\u00e4che, die mechanische Sch\u00e4den verhindert und lange wie neu aussieht. K\u00fcche Kerrock.\" \/>\n<meta name=\"robots\" content=\"noindex, follow, max-snippet:-1, max-image-preview:large, max-video-preview:-1\" \/>\n<meta property=\"og:locale\" content=\"de_DE\" \/>\n<meta property=\"og:type\" content=\"article\" \/>\n<meta property=\"og:title\" content=\"K\u00fcche | Staging Kerock\" \/>\n<meta property=\"og:description\" content=\"Gesundheitsfreundlich und mechanisch best\u00e4ndig, mit viel \u00c4sthetik. Eine Oberfl\u00e4che, die mechanische Sch\u00e4den verhindert und lange wie neu aussieht. K\u00fcche Kerrock.\" \/>\n<meta property=\"og:url\" content=\"https:\/\/www.kerrock.de\/staging\/einsatz\/kuechen\/\" \/>\n<meta property=\"og:site_name\" content=\"Staging Kerock\" \/>\n<meta property=\"article:modified_time\" content=\"2024-05-27T06:37:50+00:00\" \/>\n<meta property=\"og:image\" content=\"https:\/\/kerrock.si\/staging\/wp-content\/uploads\/2020\/12\/kuhinje_header1.jpg\" \/>\n\t<meta property=\"og:image:width\" content=\"1920\" \/>\n\t<meta property=\"og:image:height\" content=\"600\" \/>\n\t<meta property=\"og:image:type\" content=\"image\/jpeg\" \/>\n<meta name=\"twitter:card\" content=\"summary_large_image\" \/>\n<script type=\"application\/ld+json\" class=\"yoast-schema-graph\">{\"@context\":\"https:\/\/schema.org\",\"@graph\":[{\"@type\":\"WebPage\",\"@id\":\"https:\/\/www.kerrock.de\/staging\/einsatz\/kuechen\/\",\"url\":\"https:\/\/www.kerrock.de\/staging\/einsatz\/kuechen\/\",\"name\":\"K\u00fcche | Staging Kerock\",\"isPartOf\":{\"@id\":\"https:\/\/www.kerrock.de\/#website\"},\"primaryImageOfPage\":{\"@id\":\"https:\/\/www.kerrock.de\/staging\/einsatz\/kuechen\/#primaryimage\"},\"image\":{\"@id\":\"https:\/\/www.kerrock.de\/staging\/einsatz\/kuechen\/#primaryimage\"},\"thumbnailUrl\":\"https:\/\/www.kerrock.de\/staging\/wp-content\/uploads\/2020\/12\/kuhinje_header1.jpg\",\"datePublished\":\"2021-01-28T13:05:16+00:00\",\"dateModified\":\"2024-05-27T06:37:50+00:00\",\"description\":\"Gesundheitsfreundlich und mechanisch best\u00e4ndig, mit viel \u00c4sthetik. Eine Oberfl\u00e4che, die mechanische Sch\u00e4den verhindert und lange wie neu aussieht. K\u00fcche Kerrock.\",\"breadcrumb\":{\"@id\":\"https:\/\/www.kerrock.de\/staging\/einsatz\/kuechen\/#breadcrumb\"},\"inLanguage\":\"de\",\"potentialAction\":[{\"@type\":\"ReadAction\",\"target\":[\"https:\/\/www.kerrock.de\/staging\/einsatz\/kuechen\/\"]}]},{\"@type\":\"ImageObject\",\"inLanguage\":\"de\",\"@id\":\"https:\/\/www.kerrock.de\/staging\/einsatz\/kuechen\/#primaryimage\",\"url\":\"https:\/\/www.kerrock.de\/staging\/wp-content\/uploads\/2020\/12\/kuhinje_header1.jpg\",\"contentUrl\":\"https:\/\/www.kerrock.de\/staging\/wp-content\/uploads\/2020\/12\/kuhinje_header1.jpg\",\"width\":1920,\"height\":600},{\"@type\":\"BreadcrumbList\",\"@id\":\"https:\/\/www.kerrock.de\/staging\/einsatz\/kuechen\/#breadcrumb\",\"itemListElement\":[{\"@type\":\"ListItem\",\"position\":1,\"name\":\"Home\",\"item\":\"https:\/\/www.kerrock.de\/\"},{\"@type\":\"ListItem\",\"position\":2,\"name\":\"Einsatz\",\"item\":\"https:\/\/www.kerrock.de\/einsatz\/\"},{\"@type\":\"ListItem\",\"position\":3,\"name\":\"K\u00fcche\"}]},{\"@type\":\"WebSite\",\"@id\":\"https:\/\/www.kerrock.de\/#website\",\"url\":\"https:\/\/www.kerrock.de\/\",\"name\":\"Staging Kerock\",\"description\":\"Stellen Sie sich irgendwas vor. Wir verwirklichen es.\",\"publisher\":{\"@id\":\"https:\/\/www.kerrock.de\/#organization\"},\"potentialAction\":[{\"@type\":\"SearchAction\",\"target\":{\"@type\":\"EntryPoint\",\"urlTemplate\":\"https:\/\/www.kerrock.de\/?s={search_term_string}\"},\"query-input\":{\"@type\":\"PropertyValueSpecification\",\"valueRequired\":true,\"valueName\":\"search_term_string\"}}],\"inLanguage\":\"de\"},{\"@type\":\"Organization\",\"@id\":\"https:\/\/www.kerrock.de\/#organization\",\"name\":\"Kerrock\",\"url\":\"https:\/\/www.kerrock.de\/\",\"logo\":{\"@type\":\"ImageObject\",\"inLanguage\":\"de\",\"@id\":\"https:\/\/www.kerrock.de\/#\/schema\/logo\/image\/\",\"url\":\"https:\/\/www.kerrock.de\/staging\/wp-content\/uploads\/2021\/01\/facebook_share_image_1200x628_v2_20210106.jpg\",\"contentUrl\":\"https:\/\/www.kerrock.de\/staging\/wp-content\/uploads\/2021\/01\/facebook_share_image_1200x628_v2_20210106.jpg\",\"width\":1200,\"height\":628,\"caption\":\"Kerrock\"},\"image\":{\"@id\":\"https:\/\/www.kerrock.de\/#\/schema\/logo\/image\/\"}}]}<\/script>\n<!-- \/ Yoast SEO plugin. -->","yoast_head_json":{"title":"K\u00fcche | Staging Kerock","description":"Gesundheitsfreundlich und mechanisch best\u00e4ndig, mit viel \u00c4sthetik. Eine Oberfl\u00e4che, die mechanische Sch\u00e4den verhindert und lange wie neu aussieht. K\u00fcche Kerrock.","robots":{"index":"noindex","follow":"follow","max-snippet":"max-snippet:-1","max-image-preview":"max-image-preview:large","max-video-preview":"max-video-preview:-1"},"og_locale":"de_DE","og_type":"article","og_title":"K\u00fcche | Staging Kerock","og_description":"Gesundheitsfreundlich und mechanisch best\u00e4ndig, mit viel \u00c4sthetik. Eine Oberfl\u00e4che, die mechanische Sch\u00e4den verhindert und lange wie neu aussieht. K\u00fcche Kerrock.","og_url":"https:\/\/www.kerrock.de\/staging\/einsatz\/kuechen\/","og_site_name":"Staging Kerock","article_modified_time":"2024-05-27T06:37:50+00:00","og_image":[{"width":1920,"height":600,"url":"https:\/\/kerrock.si\/staging\/wp-content\/uploads\/2020\/12\/kuhinje_header1.jpg","type":"image\/jpeg"}],"twitter_card":"summary_large_image","schema":{"@context":"https:\/\/schema.org","@graph":[{"@type":"WebPage","@id":"https:\/\/www.kerrock.de\/staging\/einsatz\/kuechen\/","url":"https:\/\/www.kerrock.de\/staging\/einsatz\/kuechen\/","name":"K\u00fcche | Staging Kerock","isPartOf":{"@id":"https:\/\/www.kerrock.de\/#website"},"primaryImageOfPage":{"@id":"https:\/\/www.kerrock.de\/staging\/einsatz\/kuechen\/#primaryimage"},"image":{"@id":"https:\/\/www.kerrock.de\/staging\/einsatz\/kuechen\/#primaryimage"},"thumbnailUrl":"https:\/\/www.kerrock.de\/staging\/wp-content\/uploads\/2020\/12\/kuhinje_header1.jpg","datePublished":"2021-01-28T13:05:16+00:00","dateModified":"2024-05-27T06:37:50+00:00","description":"Gesundheitsfreundlich und mechanisch best\u00e4ndig, mit viel \u00c4sthetik. Eine Oberfl\u00e4che, die mechanische Sch\u00e4den verhindert und lange wie neu aussieht. K\u00fcche Kerrock.","breadcrumb":{"@id":"https:\/\/www.kerrock.de\/staging\/einsatz\/kuechen\/#breadcrumb"},"inLanguage":"de","potentialAction":[{"@type":"ReadAction","target":["https:\/\/www.kerrock.de\/staging\/einsatz\/kuechen\/"]}]},{"@type":"ImageObject","inLanguage":"de","@id":"https:\/\/www.kerrock.de\/staging\/einsatz\/kuechen\/#primaryimage","url":"https:\/\/www.kerrock.de\/staging\/wp-content\/uploads\/2020\/12\/kuhinje_header1.jpg","contentUrl":"https:\/\/www.kerrock.de\/staging\/wp-content\/uploads\/2020\/12\/kuhinje_header1.jpg","width":1920,"height":600},{"@type":"BreadcrumbList","@id":"https:\/\/www.kerrock.de\/staging\/einsatz\/kuechen\/#breadcrumb","itemListElement":[{"@type":"ListItem","position":1,"name":"Home","item":"https:\/\/www.kerrock.de\/"},{"@type":"ListItem","position":2,"name":"Einsatz","item":"https:\/\/www.kerrock.de\/einsatz\/"},{"@type":"ListItem","position":3,"name":"K\u00fcche"}]},{"@type":"WebSite","@id":"https:\/\/www.kerrock.de\/#website","url":"https:\/\/www.kerrock.de\/","name":"Staging Kerock","description":"Stellen Sie sich irgendwas vor. Wir verwirklichen es.","publisher":{"@id":"https:\/\/www.kerrock.de\/#organization"},"potentialAction":[{"@type":"SearchAction","target":{"@type":"EntryPoint","urlTemplate":"https:\/\/www.kerrock.de\/?s={search_term_string}"},"query-input":{"@type":"PropertyValueSpecification","valueRequired":true,"valueName":"search_term_string"}}],"inLanguage":"de"},{"@type":"Organization","@id":"https:\/\/www.kerrock.de\/#organization","name":"Kerrock","url":"https:\/\/www.kerrock.de\/","logo":{"@type":"ImageObject","inLanguage":"de","@id":"https:\/\/www.kerrock.de\/#\/schema\/logo\/image\/","url":"https:\/\/www.kerrock.de\/staging\/wp-content\/uploads\/2021\/01\/facebook_share_image_1200x628_v2_20210106.jpg","contentUrl":"https:\/\/www.kerrock.de\/staging\/wp-content\/uploads\/2021\/01\/facebook_share_image_1200x628_v2_20210106.jpg","width":1200,"height":628,"caption":"Kerrock"},"image":{"@id":"https:\/\/www.kerrock.de\/#\/schema\/logo\/image\/"}}]}},"_links":{"self":[{"href":"https:\/\/www.kerrock.de\/staging\/wp-json\/wp\/v2\/pages\/16480","targetHints":{"allow":["GET"]}}],"collection":[{"href":"https:\/\/www.kerrock.de\/staging\/wp-json\/wp\/v2\/pages"}],"about":[{"href":"https:\/\/www.kerrock.de\/staging\/wp-json\/wp\/v2\/types\/page"}],"author":[{"embeddable":true,"href":"https:\/\/www.kerrock.de\/staging\/wp-json\/wp\/v2\/users\/5"}],"replies":[{"embeddable":true,"href":"https:\/\/www.kerrock.de\/staging\/wp-json\/wp\/v2\/comments?post=16480"}],"version-history":[{"count":2,"href":"https:\/\/www.kerrock.de\/staging\/wp-json\/wp\/v2\/pages\/16480\/revisions"}],"predecessor-version":[{"id":90022,"href":"https:\/\/www.kerrock.de\/staging\/wp-json\/wp\/v2\/pages\/16480\/revisions\/90022"}],"up":[{"embeddable":true,"href":"https:\/\/www.kerrock.de\/staging\/wp-json\/wp\/v2\/pages\/16413"}],"wp:featuredmedia":[{"embeddable":true,"href":"https:\/\/www.kerrock.de\/staging\/wp-json\/wp\/v2\/media\/16535"}],"wp:attachment":[{"href":"https:\/\/www.kerrock.de\/staging\/wp-json\/wp\/v2\/media?parent=16480"}],"curies":[{"name":"wp","href":"https:\/\/api.w.org\/{rel}","templated":true}]}}